{"id":81,"date":"2017-07-10T18:41:27","date_gmt":"2017-07-10T16:41:27","guid":{"rendered":"https:\/\/gaestehausfiedler.wordpress.com\/?page_id=81"},"modified":"2023-09-12T09:20:36","modified_gmt":"2023-09-12T08:20:36","slug":"ausstattung","status":"publish","type":"page","link":"https:\/\/gh-fiedler.moerbisch.net\/?page_id=81","title":{"rendered":"Ausstattung"},"content":{"rendered":"<p>Unser G\u00e4stehaus verf\u00fcgt \u00fcber<\/p>\n<ul>\n<li><a href=\"http:\/\/gh-fiedler.moerbisch.net\/wp-content\/uploads\/2018\/08\/haus_innenhof_01.jpg\" target=\"_blank\" rel=\"noopener\"><img loading=\"lazy\" decoding=\"async\" class=\"alignright wp-image-287 size-medium\" src=\"http:\/\/gh-fiedler.moerbisch.net\/wp-content\/uploads\/2018\/08\/haus_innenhof_01-300x169.jpg\" alt=\"\" width=\"300\" height=\"169\" srcset=\"https:\/\/gh-fiedler.moerbisch.net\/wp-content\/uploads\/2018\/08\/haus_innenhof_01-300x169.jpg 300w, https:\/\/gh-fiedler.moerbisch.net\/wp-content\/uploads\/2018\/08\/haus_innenhof_01-768x432.jpg 768w, https:\/\/gh-fiedler.moerbisch.net\/wp-content\/uploads\/2018\/08\/haus_innenhof_01-863x486.jpg 863w, https:\/\/gh-fiedler.moerbisch.net\/wp-content\/uploads\/2018\/08\/haus_innenhof_01-192x108.jpg 192w, https:\/\/gh-fiedler.moerbisch.net\/wp-content\/uploads\/2018\/08\/haus_innenhof_01.jpg 997w\" sizes=\"auto, (max-width: 300px) 100vw, 300px\" \/><\/a>ausreichend Parkm\u00f6glichkeiten<\/li>\n<li>Fahrradabstellplatz<\/li>\n<li>G\u00e4stek\u00fchlschrank im Fr\u00fchst\u00fccksraum<\/li>\n<li>Terrasse<\/li>\n<li>Garten mit Laube<\/li>\n<\/ul>\n<p>Starten Sie Ihre Urlaubsaktivit\u00e4ten in unserem Fr\u00fchst\u00fccksraum &#8211; mit einem ausgiebigen Fr\u00fchst\u00fcck von unserem reichhaltigen Buffet mit regionalen K\u00f6stlichkeiten.<\/p>\n<p><a href=\"http:\/\/gh-fiedler.moerbisch.net\/wp-content\/uploads\/2018\/08\/laube.jpg\" target=\"_blank\" rel=\"noopener\"><img loading=\"lazy\" decoding=\"async\" class=\"alignleft wp-image-290 size-medium\" src=\"http:\/\/gh-fiedler.moerbisch.net\/wp-content\/uploads\/2018\/08\/laube-300x169.jpg\" alt=\"\" width=\"300\" height=\"169\" srcset=\"https:\/\/gh-fiedler.moerbisch.net\/wp-content\/uploads\/2018\/08\/laube-300x169.jpg 300w, https:\/\/gh-fiedler.moerbisch.net\/wp-content\/uploads\/2018\/08\/laube-768x432.jpg 768w, https:\/\/gh-fiedler.moerbisch.net\/wp-content\/uploads\/2018\/08\/laube-863x486.jpg 863w, https:\/\/gh-fiedler.moerbisch.net\/wp-content\/uploads\/2018\/08\/laube-192x108.jpg 192w, https:\/\/gh-fiedler.moerbisch.net\/wp-content\/uploads\/2018\/08\/laube.jpg 920w\" sizes=\"auto, (max-width: 300px) 100vw, 300px\" \/><\/a>An warmen Sommertagen l\u00e4sst sich dieses auch in der schattigen Laube im Innenhof genie\u00dfen, begleitet vom Duft tausender Oleanderbl\u00fcten.<\/p>\n<p>Der Innenhof mit Laube und die Terrasse eignen sich auch hervorragend, die Eindr\u00fccke des Tages Revue passieren und den Tag gem\u00fctlich ausklingen zu lassen.<\/p>\n<p><img loading=\"lazy\" decoding=\"async\" class=\"alignright wp-image-119\" src=\"http:\/\/gh-fiedler.moerbisch.net\/wp-content\/uploads\/2017\/07\/oleander-150x150.jpg\" alt=\"\" width=\"120\" height=\"120\" srcset=\"https:\/\/gh-fiedler.moerbisch.net\/wp-content\/uploads\/2017\/07\/oleander-150x150.jpg 150w, https:\/\/gh-fiedler.moerbisch.net\/wp-content\/uploads\/2017\/07\/oleander-300x300.jpg 300w, https:\/\/gh-fiedler.moerbisch.net\/wp-content\/uploads\/2017\/07\/oleander-100x100.jpg 100w, https:\/\/gh-fiedler.moerbisch.net\/wp-content\/uploads\/2017\/07\/oleander.jpg 302w\" sizes=\"auto, (max-width: 120px) 100vw, 120px\" \/>Die Oleanderb\u00e4ume haben seit vielen Jahren ihren festen Platz im sommerlichen Innenhof. Sie bl\u00fchen von Ende Mai bis Ende August und verzaubern unsere G\u00e4ste immer wieder mit ihrer Farbenpracht.<\/p>\n","protected":false},"excerpt":{"rendered":"<p>Unser G\u00e4stehaus verf\u00fcgt \u00fcber ausreichend Parkm\u00f6glichkeiten Fahrradabstellplatz G\u00e4stek\u00fchlschrank im Fr\u00fchst\u00fccksraum Terrasse Garten mit Laube Starten Sie Ihre Urlaubsaktivit\u00e4ten in unserem Fr\u00fchst\u00fccksraum &#8211; mit einem ausgiebigen Fr\u00fchst\u00fcck von unserem reichhaltigen Buffet mit regionalen K\u00f6stlichkeiten. An warmen Sommertagen l\u00e4sst sich dieses auch in der schattigen Laube im Innenhof genie\u00dfen, begleitet vom Duft <span class=\"excerpt-dots\">&hellip;<\/span> <a class=\"more-link\" href=\"https:\/\/gh-fiedler.moerbisch.net\/?page_id=81\"><span class=\"more-msg\">Weiterlesen &rarr;<\/span><\/a><\/p>\n","protected":false},"author":4,"featured_media":0,"parent":8,"menu_order":2,"comment_status":"closed","ping_status":"closed","template":"","meta":{"footnotes":""},"class_list":["post-81","page","type-page","status-publish","hentry"],"_links":{"self":[{"href":"https:\/\/gh-fiedler.moerbisch.net\/index.php?rest_route=\/wp\/v2\/pages\/81","targetHints":{"allow":["GET"]}}],"collection":[{"href":"https:\/\/gh-fiedler.moerbisch.net\/index.php?rest_route=\/wp\/v2\/pages"}],"about":[{"href":"https:\/\/gh-fiedler.moerbisch.net\/index.php?rest_route=\/wp\/v2\/types\/page"}],"author":[{"embeddable":true,"href":"https:\/\/gh-fiedler.moerbisch.net\/index.php?rest_route=\/wp\/v2\/users\/4"}],"replies":[{"embeddable":true,"href":"https:\/\/gh-fiedler.moerbisch.net\/index.php?rest_route=%2Fwp%2Fv2%2Fcomments&post=81"}],"version-history":[{"count":3,"href":"https:\/\/gh-fiedler.moerbisch.net\/index.php?rest_route=\/wp\/v2\/pages\/81\/revisions"}],"predecessor-version":[{"id":1697,"href":"https:\/\/gh-fiedler.moerbisch.net\/index.php?rest_route=\/wp\/v2\/pages\/81\/revisions\/1697"}],"up":[{"embeddable":true,"href":"https:\/\/gh-fiedler.moerbisch.net\/index.php?rest_route=\/wp\/v2\/pages\/8"}],"wp:attachment":[{"href":"https:\/\/gh-fiedler.moerbisch.net\/index.php?rest_route=%2Fwp%2Fv2%2Fmedia&parent=81"}],"curies":[{"name":"wp","href":"https:\/\/api.w.org\/{rel}","templated":true}]}}