{"id":31,"date":"2017-07-10T16:26:11","date_gmt":"2017-07-10T14:26:11","guid":{"rendered":"https:\/\/gaestehausfiedler.wordpress.com\/?page_id=31"},"modified":"2026-03-31T13:54:58","modified_gmt":"2026-03-31T12:54:58","slug":"regionsinfo","status":"publish","type":"page","link":"https:\/\/gh-fiedler.moerbisch.net\/?page_id=31","title":{"rendered":"Regionsinfo"},"content":{"rendered":"<div class=\"wp-block-image is-style-default\">\n<figure class=\"alignleft size-full is-resized\"><a href=\"https:\/\/www.moerbisch.com\/home\" target=\"_blank\" rel=\"noopener noreferrer\"><img loading=\"lazy\" decoding=\"async\" width=\"233\" height=\"65\" src=\"https:\/\/gh-fiedler.moerbisch.net\/wp-content\/uploads\/2020\/07\/M\u00f6rbisch_Logo.jpg\" alt=\"\" class=\"wp-image-779\" style=\"aspect-ratio:3.584843492586491;object-fit:cover;width:265px;height:auto\" srcset=\"https:\/\/gh-fiedler.moerbisch.net\/wp-content\/uploads\/2020\/07\/M\u00f6rbisch_Logo.jpg 233w, https:\/\/gh-fiedler.moerbisch.net\/wp-content\/uploads\/2020\/07\/M\u00f6rbisch_Logo-150x42.jpg 150w\" sizes=\"auto, (max-width: 233px) 100vw, 233px\" \/><\/a><\/figure>\n<\/div>\n\n<div class=\"wp-block-image\">\n<figure class=\"alignleft size-full\"><a href=\"https:\/\/www.burgenland.info\/\" target=\"_blank\" rel=\" noreferrer noopener\"><img loading=\"lazy\" decoding=\"async\" width=\"303\" height=\"74\" src=\"https:\/\/gh-fiedler.moerbisch.net\/wp-content\/uploads\/2026\/03\/Burgenland_Logo.jpg\" alt=\"\" class=\"wp-image-2160\" srcset=\"https:\/\/gh-fiedler.moerbisch.net\/wp-content\/uploads\/2026\/03\/Burgenland_Logo.jpg 303w, https:\/\/gh-fiedler.moerbisch.net\/wp-content\/uploads\/2026\/03\/Burgenland_Logo-300x73.jpg 300w, https:\/\/gh-fiedler.moerbisch.net\/wp-content\/uploads\/2026\/03\/Burgenland_Logo-150x37.jpg 150w\" sizes=\"auto, (max-width: 303px) 100vw, 303px\" \/><\/a><\/figure>\n<\/div>\n\n<div class=\"wp-block-image is-style-default\">\n<figure class=\"alignleft size-large is-resized\"><a href=\"https:\/\/www.neusiedlersee.com\/\" target=\"_blank\" rel=\" noreferrer noopener\"><img loading=\"lazy\" decoding=\"async\" width=\"303\" height=\"81\" src=\"https:\/\/gh-fiedler.moerbisch.net\/wp-content\/uploads\/2026\/03\/Neusiedlersee.jpg\" alt=\"\" class=\"wp-image-2159\" style=\"width:277px;height:auto\" srcset=\"https:\/\/gh-fiedler.moerbisch.net\/wp-content\/uploads\/2026\/03\/Neusiedlersee.jpg 303w, https:\/\/gh-fiedler.moerbisch.net\/wp-content\/uploads\/2026\/03\/Neusiedlersee-300x80.jpg 300w, https:\/\/gh-fiedler.moerbisch.net\/wp-content\/uploads\/2026\/03\/Neusiedlersee-150x40.jpg 150w\" sizes=\"auto, (max-width: 303px) 100vw, 303px\" \/><\/a><\/figure>\n<\/div>\n\n\n<p><br><br><br><br><br><strong><mark style=\"background-color:rgba(0, 0, 0, 0)\" class=\"has-inline-color has-vivid-red-color\">Festspielsommer<\/mark><\/strong><\/p>\n\n\n\n<p><a href=\"https:\/\/www.seefestspiele-moerbisch.at\/\" target=\"_blank\" rel=\"noreferrer noopener\">Seefestspiele M\u00f6rbisch<\/a><br><a href=\"https:\/\/www.operimsteinbruch.at\/\" target=\"_blank\" rel=\"noreferrer noopener\">Opernfestspiele St. Margarethen<\/a><br><br><a href=\"https:\/\/www.passio.at\/\" target=\"_blank\" rel=\"noreferrer noopener\">100 Jahre Passionsspiele St. Margarethen<\/a><br><\/p>\n\n\n\n<p class=\"has-large-font-size\"><strong>Ausflugstipps f\u00fcr Sie zusammengestellt<\/strong><\/p>\n\n\n\n<h5 class=\"wp-block-heading\"><strong><mark style=\"background-color:rgba(0, 0, 0, 0)\" class=\"has-inline-color has-vivid-red-color\">Auf den Spuren von Joseph Haydn<\/mark><\/strong><\/h5>\n\n\n<div class=\"wp-block-image\">\n<figure class=\"alignleft\"><img decoding=\"async\" src=\"https:\/\/gaestehausfiedler.files.wordpress.com\/2017\/07\/joseph_haydn.jpg?w=119\" alt=\"Joseph_Haydn\" class=\"wp-image-202\"\/><\/figure>\n<\/div>\n\n\n<p>&#8222;Meine Sprache versteht man durch die ganze Welt.&#8220;<br><br><strong>Franz Joseph Haydn<\/strong> (* 31. M\u00e4rz oder 1. April 1732 in Rohrau, Nieder\u00f6sterreich; \u2020 31. Mai 1809 in Wien) verbrachte den gr\u00f6\u00dferen Teil seiner beruflichen Laufbahn als Hofmusiker auf dem Landsitz der wohlhabenden ungarischen Familie Esterh\u00e1zy, wo er deren Orchester und Oper leitete.<\/p>\n\n\n\n<h5 class=\"wp-block-heading\"><mark style=\"background-color:rgba(0, 0, 0, 0)\" class=\"has-inline-color has-vivid-red-color\">Schloss Esterhazy &#8211; Bergkirche \/ Haydnmausoleum<\/mark><\/h5>\n\n\n<div class=\"wp-block-image\">\n<figure class=\"alignleft is-resized\"><img decoding=\"async\" src=\"https:\/\/gaestehausfiedler.files.wordpress.com\/2017\/07\/1024px-eisenstadt_-_schloss_esterhazy.jpg?w=300\" alt=\"1024px-Eisenstadt_-_Schloss_Esterhazy\" class=\"wp-image-204\" style=\"width:225px;height:159px\"\/><\/figure>\n<\/div>\n\n\n<p>Das <strong>Schloss Esterh\u00e1zy<\/strong> ist als einstige F\u00fcrstenresidenz ein Wahrzeichen der burgenl\u00e4ndischen Landeshauptstadt Eisenstadt.&nbsp;Der historische Festsaal des Schlosses ist als Haydnsaal bekannt und wird oft als Konzertsaal verwendet. Joseph Haydn stand drei\u00dfig Jahre lang als Kapellmeister im Dienst des F\u00fcrstenhofes und hatte in dieser Funktion Hunderte Musikst\u00fccke zur sofortigen Auff\u00fchrung bei Repr\u00e4sentationsanl\u00e4ssen des F\u00fcrsten zu komponieren.<\/p>\n\n\n<div class=\"wp-block-image\">\n<figure class=\"alignright is-resized\"><img decoding=\"async\" src=\"https:\/\/gaestehausfiedler.files.wordpress.com\/2017\/07\/52872_5_350ff4d2c3e038b6dea6fc1bdae83e76.jpg?w=300\" alt=\"_52872_5_350ff4d2c3e038b6dea6fc1bdae83e76\" class=\"wp-image-196\" style=\"width:225px;height:144px\"\/><\/figure>\n<\/div>\n\n\n<p>Die r\u00f6misch-katholische <strong>Bergkirche Eisenstadt&nbsp;<\/strong>wird nach Joseph Haydn auch Haydnkirche genannt. Seit dem Jahr 1932 befindet sich in der Bergkirche das Haydn-Mausoleum, in dem Haydn begraben liegt. Der Kopf des Komponisten und Begr\u00fcnders der Wiener Klassik \u201e\u00fcbersiedelte\u201c allerdings erst 1954 von Wien hierher.<\/p>\n\n\n\n<h5 class=\"wp-block-heading\"><strong><mark style=\"background-color:rgba(0, 0, 0, 0)\" class=\"has-inline-color has-vivid-red-color\">Schloss Esterhaza (Fert\u00f6d, Ungarn)<\/mark><\/strong><\/h5>\n\n\n<div class=\"wp-block-image\">\n<figure class=\"alignleft is-resized\"><img decoding=\"async\" src=\"https:\/\/gaestehausfiedler.files.wordpress.com\/2017\/07\/fertoed.jpg?w=300\" alt=\"Fertoed\" style=\"width:225px;height:113px\"\/><\/figure>\n<\/div>\n\n\n<p>Schloss Eszterh\u00e1za, auch Schloss Fert\u0151d genannt, ist ein westungarisches Schloss der fr\u00fcheren F\u00fcrsten Esterh\u00e1zy und&nbsp;z\u00e4hlt zu den gr\u00f6\u00dften Rokokoschl\u00f6ssern Ungarns. Man erreicht es von Westen \u00fcber den Grenz\u00fcbergang Klingenbach-Sopron. Auch der Grenzland-Radweg rund um den Neusiedler See f\u00fchrt direkt am Schlosspark vorbei.<\/p>\n\n\n\n<h5 class=\"wp-block-heading\"><strong><mark style=\"background-color:rgba(0, 0, 0, 0)\" class=\"has-inline-color has-vivid-red-color\">Burg Forchtenstein<\/mark><\/strong><\/h5>\n\n\n<div class=\"wp-block-image\">\n<figure class=\"alignright is-resized\"><img decoding=\"async\" src=\"https:\/\/gaestehausfiedler.files.wordpress.com\/2017\/07\/burgforchtenstein1.jpg?w=300\" alt=\"OLYMPUS DIGITAL CAMERA\" class=\"wp-image-209\" style=\"width:225px;height:169px\"\/><\/figure>\n<\/div>\n\n\n<p>Die Burg ist im Besitz der Esterh\u00e1zy Privatstiftung und zeigt neben dem Schloss Esterh\u00e1zy in Eisenstadt die Geschichte und die Sch\u00e4tze des alten Adelsgeschlechtes. Nachdem im Jahr 1921 die G\u00fcter der Esterh\u00e1zy in einen ungarischen und einen \u00f6sterreichischen Teil getrennt worden waren, verblieb das wirtschaftliche Archivmaterial in der Burg Forchtenstein, w\u00e4hrend das Familienarchiv seitdem im Ungarischen Staatsarchiv in Budapest aufbewahrt wird.<\/p>\n\n\n\n<h5 class=\"wp-block-heading\"><mark style=\"background-color:rgba(0, 0, 0, 0)\" class=\"has-inline-color has-vivid-red-color\">Freistadt Rust<\/mark><\/h5>\n\n\n<div class=\"wp-block-image\">\n<figure class=\"alignleft is-resized\"><img loading=\"lazy\" decoding=\"async\" width=\"1280\" height=\"815\" src=\"https:\/\/gaestehausfiedler.files.wordpress.com\/2017\/07\/52865_5_3eb7391e593125e7d4654d22ed733a64.jpg?w=300\" alt=\"_52865_5_3eb7391e593125e7d4654d22ed733a64\" class=\"wp-image-193\" style=\"width:225px;height:143px\" srcset=\"https:\/\/gh-fiedler.moerbisch.net\/wp-content\/uploads\/2017\/07\/52865_5_3eb7391e593125e7d4654d22ed733a64.jpg 1280w, https:\/\/gh-fiedler.moerbisch.net\/wp-content\/uploads\/2017\/07\/52865_5_3eb7391e593125e7d4654d22ed733a64-300x191.jpg 300w, https:\/\/gh-fiedler.moerbisch.net\/wp-content\/uploads\/2017\/07\/52865_5_3eb7391e593125e7d4654d22ed733a64-768x489.jpg 768w, https:\/\/gh-fiedler.moerbisch.net\/wp-content\/uploads\/2017\/07\/52865_5_3eb7391e593125e7d4654d22ed733a64-1024x652.jpg 1024w\" sizes=\"auto, (max-width: 1280px) 100vw, 1280px\" \/><\/figure>\n<\/div>\n\n\n<p>Die <strong>Freistadt Rust <\/strong>ist mit nur 1933 Einwohnern (Stand 1.\u00a0J\u00e4nner 2025) der kleinste Verwaltungsbezirk und auch die kleinste Statutarstadt \u00d6sterreichs. Bekannt ist Rust vor allem als Stadt der St\u00f6rche und als Weinbaugemeinde. Rust besitzt das Stadtrecht seit 1681, als es zur k\u00f6niglich ungarischen Freistadt erhoben wurde.<\/p>\n\n\n\n<p>Die zahlreichen B\u00fcrgerh\u00e4user aus dem 16. bis 19. Jahrhundert besitzen gepflegte Renaissance-, Barock- oder historistische Fassaden mit sch\u00f6nen Fenster- und Portalrahmungen, Erkern, Wappen- und Stuckdekorationen. Charakteristische Rundbogenportale und Einfahrtsgew\u00f6lbe f\u00fchren in die idyllischen Innenh\u00f6fe bzw. zu den noch \u00e4lteren Hoftrakten mit gedeckten Stiegenaufg\u00e4ngen und Arkaden, teilweise auch mit Resten der Stadtmauer.<\/p>\n\n\n\n<p>Die Freistadt Rust ist auch Schauplatz und Originaldrehort der Fernsehserie &#8222;Der Winzerk\u00f6nig&#8220;.<\/p>\n\n\n\n<h5 class=\"wp-block-heading\"><mark style=\"background-color:rgba(0, 0, 0, 0)\" class=\"has-inline-color has-vivid-red-color\">Seewinkel<\/mark><\/h5>\n\n\n<div class=\"wp-block-image\">\n<figure class=\"alignright is-resized\"><img decoding=\"async\" src=\"https:\/\/gaestehausfiedler.files.wordpress.com\/2017\/07\/img_20160719_180447.jpg?w=300\" alt=\"dav\" class=\"wp-image-217\" style=\"width:225px;height:169px\"\/><\/figure>\n<\/div>\n\n\n<p>Als <strong>Seewinkel<\/strong> bezeichnet man das Gebiet \u00f6stlich des Neusiedlersees im Burgenland.&nbsp;Fr\u00fcher wurde lediglich der Bereich der Orte Podersdorf am See, Apetlon und Illmitz Seewinkel genannt, da diese von der fr\u00fcheren L-f\u00f6rmigen Ausdehnung des Sees in einem Winkel eingeschlossen wurden. Die Gegend nord\u00f6stlich hie\u00df Heideboden und s\u00fcd\u00f6stlich Hans\u00e1g. Diese beiden Regionsbezeichnungen werden aber durch die jahrelange Isolation der Region durch die Grenze zu Ungarn (Eiserner Vorhang) kaum noch verwendet.&nbsp;Heute wird unter Seewinkel das gesamte \u00f6sterreichische Land \u00f6stlich des Neusiedler Sees verstanden.<\/p>\n\n\n\n<p>F\u00fcr Naturliebhaber bietet sich eine Erkundungstour durch den <a rel=\"noreferrer noopener\" href=\"http:\/\/www.nationalpark-neusiedlersee-seewinkel.at\/nationalpark.html\" target=\"_blank\">Nationalpark Neusiedler See-Seewinkel<\/a> an.<\/p>\n\n\n<div class=\"wp-block-image\">\n<figure class=\"alignleft is-resized\"><img decoding=\"async\" src=\"https:\/\/gaestehausfiedler.files.wordpress.com\/2017\/07\/img_20160728_145157.jpg?w=300\" alt=\"hdr\" class=\"wp-image-215\" style=\"width:225px;height:169px\"\/><\/figure>\n<\/div>\n\n\n<p>Vielleicht bleibt noch Zeit f\u00fcr einen <strong>Abstecher zum Einserkanal<\/strong>, dem einzigen, k\u00fcnstlich erbauten, Abfluss des Neusiedler Sees. \u00dcber diesen Kanal f\u00fchrt die Br\u00fccke von Andau, welche\u00a0bis 1956 den \u00f6rtlichen Landwirten im Seewinkel als Hilfsbr\u00fccke zur Erreichung ihrer Felder, die oft auf beiden Seiten der Grenze lagen, diente.\u00a0Im Laufe des Ungarischen Volksaufstandes kam es ab dem Sommer 1956 zu einer Fl\u00fcchtlingswelle in den Westen. Allein im Bereich Andau kamen ca. 70.000 Menschen \u00fcber die Grenze nach \u00d6sterreich. Einen Blick auf die neu errichtete geschichtstr\u00e4chtige Br\u00fccke kann man vom Aussichtsturm aus an der Grenze beim Einserkanal werfen.<br><br><\/p>\n\n\n\n<h5 class=\"wp-block-heading\"><mark style=\"background-color:rgba(0, 0, 0, 0)\" class=\"has-inline-color has-vivid-red-color\">Dorfmuseum M\u00f6nchhof<\/mark><\/h5>\n\n\n<div class=\"wp-block-image\">\n<figure class=\"alignright is-resized\"><img decoding=\"async\" src=\"https:\/\/gaestehausfiedler.files.wordpress.com\/2017\/07\/moenchhof_dorfmuseum_dorfplatz.jpg?w=300\" alt=\"Moenchhof_dorfmuseum_dorfplatz\" class=\"wp-image-220\" style=\"width:225px;height:169px\"\/><\/figure>\n<\/div>\n\n\n<p>F\u00fcr das <a rel=\"noreferrer noopener\" href=\"http:\/\/www.dorfmuseum.at\" target=\"_blank\">Dorfmuseum M\u00f6nchhof<\/a> sollten Sie etwas mehr Zeit einplanen!&nbsp;Das seit 1990 bestehende Dorfmuseum wird von Christine und Josef Haubenwallner betrieben und geh\u00f6rt zu den touristischen Attraktionen im Seewinkel in der Umgebung des Neusiedler Sees.<\/p>\n\n\n\n<p>Im Dorfmuseum M\u00f6nchhof wird ein Einblick in das Alltagsleben der Bauern und Handwerker im Heideboden&nbsp;in der Zeit von etwa 1890 bis in die sp\u00e4ten 1960er Jahre gegeben.&nbsp;Anhand von rund 35 Geb\u00e4uden mit Werkst\u00e4tten, Arbeitsger\u00e4ten und Einrichtungsgegenst\u00e4nden wird im Dorfmuseum versucht, den weitgehend von der Landwirtschaft gepr\u00e4gten Alltag dieser Zeit wieder lebendig zu machen.<\/p>\n\n\n<div class=\"wp-block-image\">\n<figure class=\"alignleft is-resized\"><img decoding=\"async\" src=\"https:\/\/gaestehausfiedler.files.wordpress.com\/2017\/07\/moenchhof_dorfmuseum_grenzposten.jpg?w=300\" alt=\"Moenchhof_dorfmuseum_grenzposten\" class=\"wp-image-221\" style=\"width:225px;height:169px\"\/><\/figure>\n<\/div>\n\n\n<p>Eine Sonderstellung kommt dem im Dorfmuseum M\u00f6nchhof installierten <strong>Grenz\u00fcbergang von Andau<\/strong> zu. Er verweist auf die Geschichte des ungarisch-burgenl\u00e4ndischen Grenzbereichs in der zweiten H\u00e4lfte des 20. Jahrhunderts. Der originale Grenzbalken und der Nachbau der Grenzstation erinnern einerseits an die Ereignisse beim Ungarnaufstand 1956, andererseits an die Fluchtbewegung von DDR-B\u00fcrgern aus Ungarn nach \u00d6sterreich im Jahr 1989. Der vor dem Grenzbalken aufgestellte Trabant wurde im Jahr 1989 von einem DDR-B\u00fcrger auf ungarischem Staatsgebiet zur\u00fcckgelassen, als er \u00fcber die gr\u00fcne Grenze nach Andau fl\u00fcchtete.&nbsp;<\/p>\n","protected":false},"excerpt":{"rendered":"<p>Festspielsommer Seefestspiele M\u00f6rbischOpernfestspiele St. Margarethen 100 Jahre Passionsspiele St. Margarethen Ausflugstipps f\u00fcr Sie zusammengestellt Auf den Spuren von Joseph Haydn &#8222;Meine Sprache versteht man durch die ganze Welt.&#8220; Franz Joseph Haydn (* 31. M\u00e4rz oder 1. April 1732 in Rohrau, Nieder\u00f6sterreich; \u2020 31. Mai 1809 in Wien) verbrachte den gr\u00f6\u00dferen <span class=\"excerpt-dots\">&hellip;<\/span> <a class=\"more-link\" href=\"https:\/\/gh-fiedler.moerbisch.net\/?page_id=31\"><span class=\"more-msg\">Weiterlesen &rarr;<\/span><\/a><\/p>\n","protected":false},"author":4,"featured_media":0,"parent":0,"menu_order":1,"comment_status":"closed","ping_status":"closed","template":"","meta":{"footnotes":""},"class_list":["post-31","page","type-page","status-publish","hentry"],"_links":{"self":[{"href":"https:\/\/gh-fiedler.moerbisch.net\/index.php?rest_route=\/wp\/v2\/pages\/31","targetHints":{"allow":["GET"]}}],"collection":[{"href":"https:\/\/gh-fiedler.moerbisch.net\/index.php?rest_route=\/wp\/v2\/pages"}],"about":[{"href":"https:\/\/gh-fiedler.moerbisch.net\/index.php?rest_route=\/wp\/v2\/types\/page"}],"author":[{"embeddable":true,"href":"https:\/\/gh-fiedler.moerbisch.net\/index.php?rest_route=\/wp\/v2\/users\/4"}],"replies":[{"embeddable":true,"href":"https:\/\/gh-fiedler.moerbisch.net\/index.php?rest_route=%2Fwp%2Fv2%2Fcomments&post=31"}],"version-history":[{"count":45,"href":"https:\/\/gh-fiedler.moerbisch.net\/index.php?rest_route=\/wp\/v2\/pages\/31\/revisions"}],"predecessor-version":[{"id":2161,"href":"https:\/\/gh-fiedler.moerbisch.net\/index.php?rest_route=\/wp\/v2\/pages\/31\/revisions\/2161"}],"wp:attachment":[{"href":"https:\/\/gh-fiedler.moerbisch.net\/index.php?rest_route=%2Fwp%2Fv2%2Fmedia&parent=31"}],"curies":[{"name":"wp","href":"https:\/\/api.w.org\/{rel}","templated":true}]}}